{"id":9,"date":"2011-02-28T14:17:07","date_gmt":"2011-02-28T14:17:07","guid":{"rendered":"http:\/\/dorotheabaltzer.de\/?page_id=9"},"modified":"2014-10-06T15:47:08","modified_gmt":"2014-10-06T13:47:08","slug":"kontakt","status":"publish","type":"page","link":"https:\/\/wordpress-vgo440g88g4ow00008s4ook4.huppenbauer.net\/?page_id=9","title":{"rendered":"Kontakt"},"content":{"rendered":"<p>Dorothea Baltzer<br \/>\n<a href=\"https:\/\/wordpress-vgo440g88g4ow00008s4ook4.huppenbauer.net\/wp-content\/uploads\/2011\/02\/dorothea-bild.jpg\"><img loading=\"lazy\" decoding=\"async\" class=\"alignnone size-medium wp-image-93\" title=\"dorothea bild\" src=\"https:\/\/wordpress-vgo440g88g4ow00008s4ook4.huppenbauer.net\/wp-content\/uploads\/2011\/02\/dorothea-bild-210x300.jpg\" alt=\"\" width=\"210\" height=\"300\" srcset=\"https:\/\/wordpress-vgo440g88g4ow00008s4ook4.huppenbauer.net\/wp-content\/uploads\/2011\/02\/dorothea-bild-210x300.jpg 210w, https:\/\/wordpress-vgo440g88g4ow00008s4ook4.huppenbauer.net\/wp-content\/uploads\/2011\/02\/dorothea-bild.jpg 456w\" sizes=\"auto, (max-width: 210px) 100vw, 210px\" \/><\/a><br \/>\nDie Spielst\u00e4tten sind auch im Netz vertreten:<\/p>\n<ul>\n<li><a title=\"Studiotheater\" href=\"http:\/\/www.studiotheater.de\/\" target=\"_blank\">tri-B\u00fchne<\/a><\/li>\n<\/ul>\n<ul>\n<li><a title=\"tri-B\u00fchne\" href=\"http:\/\/www.tri-buehne.de\" target=\"_blank\">Studiotheater<\/a><\/li>\n<\/ul>\n<p>&nbsp;<\/p>\n<p>Falls sie mit mir Kontakt aufnehmen wollen k\u00f6nnen sie dieses Kontaktformular ausf\u00fcllen und ich antworte sobald es mir m\u00f6glich ist.<\/p>\n<div>\n<div class=\"wpcf7 no-js\" id=\"wpcf7-f83-o1\" lang=\"\" dir=\"ltr\" data-wpcf7-id=\"83\">\n<div class=\"screen-reader-response\"><p role=\"status\" aria-live=\"polite\" aria-atomic=\"true\"><\/p> <ul><\/ul><\/div>\n<form action=\"\/index.php?rest_route=%2Fwp%2Fv2%2Fpages%2F9#wpcf7-f83-o1\" method=\"post\" class=\"wpcf7-form init\" aria-label=\"Kontaktformular\" novalidate=\"novalidate\" data-status=\"init\">\n<fieldset class=\"hidden-fields-container\"><input type=\"hidden\" name=\"_wpcf7\" value=\"83\" \/><input type=\"hidden\" name=\"_wpcf7_version\" value=\"6.1.2\" \/><input type=\"hidden\" name=\"_wpcf7_locale\" value=\"\" \/><input type=\"hidden\" name=\"_wpcf7_unit_tag\" value=\"wpcf7-f83-o1\" \/><input type=\"hidden\" name=\"_wpcf7_container_post\" value=\"0\" \/><input type=\"hidden\" name=\"_wpcf7_posted_data_hash\" value=\"\" \/>\n<\/fieldset>\n<p>Ihr Name\n<\/p>\n<p><span class=\"wpcf7-form-control-wrap\" data-name=\"your-name\"><input size=\"40\" maxlength=\"400\" class=\"wpcf7-form-control wpcf7-text wpcf7-validates-as-required\" aria-required=\"true\" aria-invalid=\"false\" value=\"\" type=\"text\" name=\"your-name\" \/><\/span>\n<\/p>\n<p>Ihre Email Adresse\n<\/p>\n<p><span class=\"wpcf7-form-control-wrap\" data-name=\"your-email\"><input size=\"40\" maxlength=\"400\" class=\"wpcf7-form-control wpcf7-email wpcf7-validates-as-required wpcf7-text wpcf7-validates-as-email\" aria-required=\"true\" aria-invalid=\"false\" value=\"\" type=\"email\" name=\"your-email\" \/><\/span>\n<\/p>\n<p>Betreff\n<\/p>\n<p><span class=\"wpcf7-form-control-wrap\" data-name=\"your-subject\"><input size=\"40\" maxlength=\"400\" class=\"wpcf7-form-control wpcf7-text\" aria-invalid=\"false\" value=\"\" type=\"text\" name=\"your-subject\" \/><\/span>\n<\/p>\n<p>Ihre Nachricht\n<\/p>\n<p><span class=\"wpcf7-form-control-wrap\" data-name=\"your-message\"><textarea cols=\"40\" rows=\"10\" maxlength=\"2000\" class=\"wpcf7-form-control wpcf7-textarea\" aria-invalid=\"false\" name=\"your-message\"><\/textarea><\/span>\n<\/p>\n<p>Bitte geben sie die Zeichen ein\n<\/p>\n<p><input type=\"hidden\" name=\"_wpcf7_captcha_challenge_captcha-420\" value=\"778556154\" \/><img loading=\"lazy\" decoding=\"async\" class=\"wpcf7-form-control wpcf7-captchac wpcf7-captcha-captcha-420\" width=\"84\" height=\"28\" alt=\"captcha\" src=\"https:\/\/wordpress-vgo440g88g4ow00008s4ook4.huppenbauer.net\/wp-content\/uploads\/wpcf7_captcha\/778556154.png\" \/>\n<\/p>\n<p><span class=\"wpcf7-form-control-wrap\" data-name=\"captcha-420\"><input size=\"40\" class=\"wpcf7-form-control wpcf7-captchar\" autocomplete=\"off\" aria-invalid=\"false\" value=\"\" type=\"text\" name=\"captcha-420\" \/><\/span>\n<\/p>\n<p class=\"submit\"><input class=\"wpcf7-form-control wpcf7-submit has-spinner\" type=\"submit\" value=\"Senden\" \/>\n<\/p><div class=\"wpcf7-response-output\" aria-hidden=\"true\"><\/div>\n<\/form>\n<\/div>\n<\/div>\n","protected":false},"excerpt":{"rendered":"<p>Dorothea Baltzer Die Spielst\u00e4tten sind auch im Netz vertreten: tri-B\u00fchne Studiotheater &nbsp; Falls sie mit mir Kontakt aufnehmen wollen k\u00f6nnen sie dieses Kontaktformular ausf\u00fcllen und ich antworte sobald es mir [&hellip;]<\/p>\n","protected":false},"author":1,"featured_media":0,"parent":0,"menu_order":0,"comment_status":"open","ping_status":"open","template":"","meta":{"footnotes":""},"class_list":["post-9","page","type-page","status-publish","hentry"],"_links":{"self":[{"href":"https:\/\/wordpress-vgo440g88g4ow00008s4ook4.huppenbauer.net\/index.php?rest_route=\/wp\/v2\/pages\/9","targetHints":{"allow":["GET"]}}],"collection":[{"href":"https:\/\/wordpress-vgo440g88g4ow00008s4ook4.huppenbauer.net\/index.php?rest_route=\/wp\/v2\/pages"}],"about":[{"href":"https:\/\/wordpress-vgo440g88g4ow00008s4ook4.huppenbauer.net\/index.php?rest_route=\/wp\/v2\/types\/page"}],"author":[{"embeddable":true,"href":"https:\/\/wordpress-vgo440g88g4ow00008s4ook4.huppenbauer.net\/index.php?rest_route=\/wp\/v2\/users\/1"}],"replies":[{"embeddable":true,"href":"https:\/\/wordpress-vgo440g88g4ow00008s4ook4.huppenbauer.net\/index.php?rest_route=%2Fwp%2Fv2%2Fcomments&post=9"}],"version-history":[{"count":21,"href":"https:\/\/wordpress-vgo440g88g4ow00008s4ook4.huppenbauer.net\/index.php?rest_route=\/wp\/v2\/pages\/9\/revisions"}],"predecessor-version":[{"id":499,"href":"https:\/\/wordpress-vgo440g88g4ow00008s4ook4.huppenbauer.net\/index.php?rest_route=\/wp\/v2\/pages\/9\/revisions\/499"}],"wp:attachment":[{"href":"https:\/\/wordpress-vgo440g88g4ow00008s4ook4.huppenbauer.net\/index.php?rest_route=%2Fwp%2Fv2%2Fmedia&parent=9"}],"curies":[{"name":"wp","href":"https:\/\/api.w.org\/{rel}","templated":true}]}}