{"id":579,"date":"2017-10-11T07:19:51","date_gmt":"2017-10-11T06:19:51","guid":{"rendered":"http:\/\/dorotheabaltzer.de\/?page_id=579"},"modified":"2017-10-11T07:19:51","modified_gmt":"2017-10-11T06:19:51","slug":"martin-luther-in-text-und-musik","status":"publish","type":"page","link":"https:\/\/wordpress-vgo440g88g4ow00008s4ook4.huppenbauer.net\/?page_id=579","title":{"rendered":"Martin Luther in Text und Musik"},"content":{"rendered":"<p>Aus der NRZ am 10.10.2017<br \/>\nEin Artikel von Andreas Renten<\/p>\n<p>Schermbeck.   \u201eEin neues Lied wir heben an\u201c, unter diesem Motto hatte die evangelische St. Georgsgemeinde am Sonntagabend in die Kirche zu einem ebenso interessanten wie anspruchsvollen Lesekonzert eingeladen. Lieder und Texte des Reformators Martin Luther standen im Mittelpunkt.<\/p>\n<p>\u201eEin neues Lied wir heben an\u201c, unter diesem Motto hatte die evangelische St. Georgsgemeinde am Sonntagabend in die Kirche zu einem ebenso interessanten wie anspruchsvollen Lesekonzert eingeladen. Lieder und Texte des Reformators Martin Luther standen im Mittelpunkt.<\/p>\n<p>Dabei ergab sich ein inhaltliches Gegen\u00fcber: Den Kompositionen von Ren\u00e9 Mense aus dem Stoff bekannter Luther-Lieder f\u00fcr Cello solo begegneten Texte aus der Reformation. Schauspielerin Dorothea Baltzer \u00fcbernahm den Part der Sprecherin, Christina Mei\u00dfner von der Klangwerkstatt Weimar spielte das Instrument \u2013 und das ausgezeichnet.<\/p>\n<p>Bornebusch gab wichtige Hinweise<\/p>\n<p>Wolfgang Bornebusch, lange Jahre Pfarrer in der Gemeinde und f\u00fcr das kirchenmusikalische Programm verantwortlich, gab vor dem Lesekonzert einige wichtige Hinweise. \u201eBeeindruckt von der Pr\u00e4senz und Diktion\u201c, so schilderte er seinen Eindruck von der Sprecherin aus einem Konzertbesuch. Mense habe in seiner Musik auf Elemente der Gotik und der Renaissance zur\u00fcckgegriffen, zum Beispiel in einer bestimmten Tanzform. Seine Musik habe er damit Christina Mei\u00dfner quasi \u201eauf den Leib geschrieben\u201c. \u201eSie d\u00fcrfen auf die beiden gespannt sein\u201c, machte Bornebusch das Publikum auf die beiden Interpretinnen neugierig.<\/p>\n<p>Sprache der Gelehrten<\/p>\n<p>In dem Konzert bekomme man Luther als Theologen zu fassen, erkl\u00e4rte er. Bornebusch w\u00fcrdigte Luthers \u201ebesonderen Umgang mit der deutschen Sprache\u201c. Seine reformatorischen Texte auf Deutsch und damit f\u00fcr alle verst\u00e4ndlich zu ver\u00f6ffentlichen, sei ein \u201eabsolutes Novum\u201c gewesen. Denn im 16. Jahrhundert war Latein die Sprache der Gelehrten und der Wissenschaft.<\/p>\n<p>Eine \u201eDemokratisierung des Wissens\u201c habe Luther erm\u00f6glicht, so Bornebusch weiter. Die Zweisprachigkeit des Reformators, er habe nieder- und mitteldeutsch beherrscht, habe ihm einen Ausgleich erm\u00f6glicht. Das Ergebnis sei eine \u201eoffensive und einfache Sprache\u201c gewesen, in der allgemeine Redensarten ihren Platz fanden und die von der K\u00fcste bis nach Bayern zu verstehen war.<\/p>\n<p>\u201eDer Titel ist mit Bedacht gew\u00e4hlt\u201c, sagte Bornebusch \u00fcber das Programm. \u201eTraurig, w\u00fctend und verzweifelt\u201c habe Luther eine Ballade mit der Zeile \u201eEin neues Lied wir heben an\u201c geschrieben als Reaktion auf den Tod zweier Ordensbr\u00fcder, die nach einem Inquisitionsprozess auf dem Scheiterhaufen starben.<\/p>\n<p>\u201eLuthers Lieder in einem neuen Gewand zu h\u00f6ren\u201c, diese Ank\u00fcndigung machten Mense und Mei\u00dfner wahr. Die Toccata \u201eVom Himmel hoch, da komm ich her\u201c lie\u00df das Original nur in kurzen Passagen aber deutlich aufscheinen.<\/p>\n<p>Ob Tischrede aus dem Jahr 1539, Selbstzeugnis \u00fcber den Ablass-Streit oder Luthers ber\u00fchmte Verteidigungsrede vor dem Reichstag zu Worms: Dorothea Baltzer zeigte, dass Vorlesen eine Kunst ist, und es zwischen Reden (k\u00f6nnen fast alle) und Sprechen gro\u00dfe Unterschiede gibt. Der Schauspielerin bei ihrem pr\u00e4zisen Vortrag zuzuh\u00f6ren war ein Genuss.<\/p>\n<p>Ein Sponsor hat geholfen, das Lesekonzert, das auch in D\u00e4nemark gespielt wird, nach Schermbeck zu holen: Bornebusch dankte der Tonstiftung Nottenk\u00e4mper f\u00fcr ihre Hilfe. Seiner Bitte, nicht nach den Beitr\u00e4gen, sondern erst am Schluss, dann aber umso heftiger zu applaudieren, sind die Zuh\u00f6rer gerne gefolgt.<\/p>\n","protected":false},"excerpt":{"rendered":"<p>Aus der NRZ am 10.10.2017 Ein Artikel von Andreas Renten Schermbeck. \u201eEin neues Lied wir heben an\u201c, unter diesem Motto hatte die evangelische St. Georgsgemeinde am Sonntagabend in die Kirche [&hellip;]<\/p>\n","protected":false},"author":5,"featured_media":0,"parent":0,"menu_order":0,"comment_status":"open","ping_status":"open","template":"","meta":{"footnotes":""},"class_list":["post-579","page","type-page","status-publish","hentry"],"_links":{"self":[{"href":"https:\/\/wordpress-vgo440g88g4ow00008s4ook4.huppenbauer.net\/index.php?rest_route=\/wp\/v2\/pages\/579","targetHints":{"allow":["GET"]}}],"collection":[{"href":"https:\/\/wordpress-vgo440g88g4ow00008s4ook4.huppenbauer.net\/index.php?rest_route=\/wp\/v2\/pages"}],"about":[{"href":"https:\/\/wordpress-vgo440g88g4ow00008s4ook4.huppenbauer.net\/index.php?rest_route=\/wp\/v2\/types\/page"}],"author":[{"embeddable":true,"href":"https:\/\/wordpress-vgo440g88g4ow00008s4ook4.huppenbauer.net\/index.php?rest_route=\/wp\/v2\/users\/5"}],"replies":[{"embeddable":true,"href":"https:\/\/wordpress-vgo440g88g4ow00008s4ook4.huppenbauer.net\/index.php?rest_route=%2Fwp%2Fv2%2Fcomments&post=579"}],"version-history":[{"count":1,"href":"https:\/\/wordpress-vgo440g88g4ow00008s4ook4.huppenbauer.net\/index.php?rest_route=\/wp\/v2\/pages\/579\/revisions"}],"predecessor-version":[{"id":580,"href":"https:\/\/wordpress-vgo440g88g4ow00008s4ook4.huppenbauer.net\/index.php?rest_route=\/wp\/v2\/pages\/579\/revisions\/580"}],"wp:attachment":[{"href":"https:\/\/wordpress-vgo440g88g4ow00008s4ook4.huppenbauer.net\/index.php?rest_route=%2Fwp%2Fv2%2Fmedia&parent=579"}],"curies":[{"name":"wp","href":"https:\/\/api.w.org\/{rel}","templated":true}]}}