{"id":569,"date":"2017-03-02T15:46:51","date_gmt":"2017-03-02T14:46:51","guid":{"rendered":"http:\/\/dorotheabaltzer.de\/?page_id=569"},"modified":"2017-06-21T14:08:29","modified_gmt":"2017-06-21T13:08:29","slug":"die-komoedie-der-irrungen","status":"publish","type":"page","link":"https:\/\/wordpress-vgo440g88g4ow00008s4ook4.huppenbauer.net\/?page_id=569","title":{"rendered":"Die Kom\u00f6die der Irrungen"},"content":{"rendered":"<p><strong>&#8222;Die Kom\u00f6die der Irrungen&#8220; v. William Shakespeare<\/strong><\/p>\n<p>Stuttgarter Kultursommer 2017<\/p>\n<p>21.-23. Juli 2017: OPEN AIR im Schlosshof. Die fantastische Kulisse f\u00fcr Shakespeare<\/p>\n<p>William Shakespeares \u201eDie Kom\u00f6die der Irrungen\u201d (Inszenierung: Edith Koerber) nimmt abermals<br \/>\nden Innenhof des Stuttgarter Alten Schlosses in Besitz.<\/p>\n<p>Die Vorstellungen im Rahmen des Kultursommers 2017 sind Open Air und finden bei jedem Wetter statt.<\/p>\n<p>Der Karten(vor)verkauf l\u00e4uft bereits, ausschlie\u00dflich \u00fcber den Veranstalter StuttgartKonzert!<\/p>\n<p>Eintrittspreise: 39,\u2013 EUR (Kategorie I) \/ 33,\u2013 EUR (Kategorie II).<\/p>\n<p>Weitere Infos, auch zu Erm\u00e4\u00dfigungen f\u00fcr Gruppen, auf der Website von StuttgartKonzert<br \/>\noder telefonisch unter 0711 524300.<\/p>\n<p>&nbsp;<\/p>\n<p>Theater tri-b\u00fchne, Eberhardstr. 61<br \/>\n70173 Stuttgart, tel. 0711 \/ 236 46 10<\/p>\n<p>Regie Edith Koerber<br \/>\nB\u00fchne Stephen Crane<br \/>\nKost\u00fcme Ren\u00e1ta Balogh<br \/>\nMusik Sebastian Huber<br \/>\nDarsteller Dorothea Baltzer | Natascha Beniashvili-Zhed | Lothar Bobbe | George Filippou |<br \/>\nFlorian F\u00fchrer | Sebastian Huber | Natascha Kuch | Melchior Morger | Pierangela de Rosas Patta |<br \/>\nHenrik Schnieders | Manoel Vinicius Tavares da Silva | Christian Werner<br \/>\nDauer 1 Stunde 50 Minuten<\/p>\n<p>Das St\u00fcck h\u00e4lt, was der Titel verspricht: es ist eine Kom\u00f6die wie sie im Buche steht. Was jedoch<br \/>\ndie Zuschauer nach Herzenslust am\u00fcsiert, ist ein Alptraum f\u00fcr die Beteiligten.<br \/>\nDenn sie irren \u00fcber sich selbst. Sp\u00e4testens nach der zweiten, dritten Verwechslung stellt sich die Frage:<br \/>\nWer bin ich? Das, wof\u00fcr ich mich halte, oder das, wof\u00fcr mich meine Umwelt h\u00e4lt?<br \/>\nVerkompliziert wird alles noch dadurch, dass die St\u00e4dte Ephesus und Syrakus miteinander einen veritablen<br \/>\nHandelskrieg f\u00fchren und die Nerven aller Beteiligten ohnehin zum Zerrei\u00dfen gespannt sind.<\/p>\n<p>&nbsp;<\/p>\n<p><a href=\"https:\/\/wordpress-vgo440g88g4ow00008s4ook4.huppenbauer.net\/wp-content\/uploads\/2017\/03\/irrungen3571_ms.jpg\"><img loading=\"lazy\" decoding=\"async\" class=\"alignnone size-large wp-image-570\" src=\"https:\/\/wordpress-vgo440g88g4ow00008s4ook4.huppenbauer.net\/wp-content\/uploads\/2017\/03\/irrungen3571_ms-1024x682.jpg\" alt=\"irrungen3571_ms\" width=\"1024\" height=\"682\" srcset=\"https:\/\/wordpress-vgo440g88g4ow00008s4ook4.huppenbauer.net\/wp-content\/uploads\/2017\/03\/irrungen3571_ms-1024x682.jpg 1024w, https:\/\/wordpress-vgo440g88g4ow00008s4ook4.huppenbauer.net\/wp-content\/uploads\/2017\/03\/irrungen3571_ms-300x200.jpg 300w\" sizes=\"auto, (max-width: 1024px) 100vw, 1024px\" \/><\/a><\/p>\n","protected":false},"excerpt":{"rendered":"<p>&#8222;Die Kom\u00f6die der Irrungen&#8220; v. William Shakespeare Stuttgarter Kultursommer 2017 21.-23. Juli 2017: OPEN AIR im Schlosshof. Die fantastische Kulisse f\u00fcr Shakespeare William Shakespeares \u201eDie Kom\u00f6die der Irrungen\u201d (Inszenierung: Edith [&hellip;]<\/p>\n","protected":false},"author":5,"featured_media":0,"parent":0,"menu_order":0,"comment_status":"open","ping_status":"open","template":"","meta":{"footnotes":""},"class_list":["post-569","page","type-page","status-publish","hentry"],"_links":{"self":[{"href":"https:\/\/wordpress-vgo440g88g4ow00008s4ook4.huppenbauer.net\/index.php?rest_route=\/wp\/v2\/pages\/569","targetHints":{"allow":["GET"]}}],"collection":[{"href":"https:\/\/wordpress-vgo440g88g4ow00008s4ook4.huppenbauer.net\/index.php?rest_route=\/wp\/v2\/pages"}],"about":[{"href":"https:\/\/wordpress-vgo440g88g4ow00008s4ook4.huppenbauer.net\/index.php?rest_route=\/wp\/v2\/types\/page"}],"author":[{"embeddable":true,"href":"https:\/\/wordpress-vgo440g88g4ow00008s4ook4.huppenbauer.net\/index.php?rest_route=\/wp\/v2\/users\/5"}],"replies":[{"embeddable":true,"href":"https:\/\/wordpress-vgo440g88g4ow00008s4ook4.huppenbauer.net\/index.php?rest_route=%2Fwp%2Fv2%2Fcomments&post=569"}],"version-history":[{"count":2,"href":"https:\/\/wordpress-vgo440g88g4ow00008s4ook4.huppenbauer.net\/index.php?rest_route=\/wp\/v2\/pages\/569\/revisions"}],"predecessor-version":[{"id":576,"href":"https:\/\/wordpress-vgo440g88g4ow00008s4ook4.huppenbauer.net\/index.php?rest_route=\/wp\/v2\/pages\/569\/revisions\/576"}],"wp:attachment":[{"href":"https:\/\/wordpress-vgo440g88g4ow00008s4ook4.huppenbauer.net\/index.php?rest_route=%2Fwp%2Fv2%2Fmedia&parent=569"}],"curies":[{"name":"wp","href":"https:\/\/api.w.org\/{rel}","templated":true}]}}