{"id":566,"date":"2017-03-02T16:26:04","date_gmt":"2017-03-02T14:26:04","guid":{"rendered":"http:\/\/dorotheabaltzer.de\/?page_id=566"},"modified":"2017-03-02T16:26:04","modified_gmt":"2017-03-02T14:26:04","slug":"in-meinem-alter-rauche-ich-noch-heimlich","status":"publish","type":"page","link":"https:\/\/wordpress-vgo440g88g4ow00008s4ook4.huppenbauer.net\/?page_id=566","title":{"rendered":"In meinem Alter Rauche ich noch heimlich"},"content":{"rendered":"<p><strong>In meinem Alter Rauche ich noch heimlich<\/strong><\/p>\n<p>Regie Edith Koerber<br \/>\nB\u00fchne Stephen Crane<br \/>\nKost\u00fcme Ren\u00e1ta Balogh<br \/>\nMusik Sebastian Huber<\/p>\n<p>Darsteller Fermesk Mustafa Abdolrahman | Dorothea Baltzer | Natascha Beniashvili-Zhed |<br \/>\nAnuschka Herbst | Natascha Kuch | Stefani Matkovic | Barbara von M\u00fcnchhausen | Ute von Stockert<\/p>\n<p>Ein Hamam, ein Dampfbad, an einem f\u00fcr Frauen reservierten Tag: Hier trifft Islamistin auf Atheistin,<br \/>\nGeschiedene auf achtfache Mutter, Emigrantin auf traditionelle Ehevermittlerin.<br \/>\nIm gesch\u00fctzten Raum des Hamam wird getratscht, gelacht, gel\u00e4stert, gestritten und diskutiert.<\/p>\n<p>Religi\u00f6se Gewalt, fundamentalistische Fanatiker, geliebte und gehasste Ehem\u00e4nner, geheime Liebhaber,<br \/>\nungeliebte M\u00fctter und sehnsuchtsvolle Tr\u00e4ume werden da besprochen, mit einer entwaffnenden Direktheit.<\/p>\n<p>Und so zeigt die algerische Dramatikerin Rayhana in ihrer au\u00dfergew\u00f6hnlichen Tragikom\u00f6die ein<br \/>\ndifferenziertes, lebendiges, spannendes und humorvolles Bild von Frauenschicksalen in einem<br \/>\npatriarchalen, vom Islamismus bedrohten Staat unserer Zeit.<\/p>\n<p>&nbsp;<\/p>\n<p><a href=\"https:\/\/wordpress-vgo440g88g4ow00008s4ook4.huppenbauer.net\/wp-content\/uploads\/2013\/02\/in_meinem_alter_s02_5204.jpg\"><img loading=\"lazy\" decoding=\"async\" class=\"alignnone size-large wp-image-564\" src=\"https:\/\/wordpress-vgo440g88g4ow00008s4ook4.huppenbauer.net\/wp-content\/uploads\/2013\/02\/in_meinem_alter_s02_5204-1024x682.jpg\" alt=\"in_meinem_alter_s02_5204\" width=\"1024\" height=\"682\" srcset=\"https:\/\/wordpress-vgo440g88g4ow00008s4ook4.huppenbauer.net\/wp-content\/uploads\/2013\/02\/in_meinem_alter_s02_5204-1024x682.jpg 1024w, https:\/\/wordpress-vgo440g88g4ow00008s4ook4.huppenbauer.net\/wp-content\/uploads\/2013\/02\/in_meinem_alter_s02_5204-300x200.jpg 300w\" sizes=\"auto, (max-width: 1024px) 100vw, 1024px\" \/><\/a> <a href=\"https:\/\/wordpress-vgo440g88g4ow00008s4ook4.huppenbauer.net\/wp-content\/uploads\/2013\/02\/in_meinem_alter_s02_5281-e1488464592265.jpg\"><img loading=\"lazy\" decoding=\"async\" class=\"alignnone size-large wp-image-565\" src=\"https:\/\/wordpress-vgo440g88g4ow00008s4ook4.huppenbauer.net\/wp-content\/uploads\/2013\/02\/in_meinem_alter_s02_5281-1024x682.jpg\" alt=\"in_meinem_alter_s02_5281\" width=\"1024\" height=\"682\" \/><\/a><\/p>\n","protected":false},"excerpt":{"rendered":"<p>In meinem Alter Rauche ich noch heimlich Regie Edith Koerber B\u00fchne Stephen Crane Kost\u00fcme Ren\u00e1ta Balogh Musik Sebastian Huber Darsteller Fermesk Mustafa Abdolrahman | Dorothea Baltzer | Natascha Beniashvili-Zhed | [&hellip;]<\/p>\n","protected":false},"author":5,"featured_media":0,"parent":0,"menu_order":0,"comment_status":"open","ping_status":"open","template":"","meta":{"footnotes":""},"class_list":["post-566","page","type-page","status-publish","hentry"],"_links":{"self":[{"href":"https:\/\/wordpress-vgo440g88g4ow00008s4ook4.huppenbauer.net\/index.php?rest_route=\/wp\/v2\/pages\/566","targetHints":{"allow":["GET"]}}],"collection":[{"href":"https:\/\/wordpress-vgo440g88g4ow00008s4ook4.huppenbauer.net\/index.php?rest_route=\/wp\/v2\/pages"}],"about":[{"href":"https:\/\/wordpress-vgo440g88g4ow00008s4ook4.huppenbauer.net\/index.php?rest_route=\/wp\/v2\/types\/page"}],"author":[{"embeddable":true,"href":"https:\/\/wordpress-vgo440g88g4ow00008s4ook4.huppenbauer.net\/index.php?rest_route=\/wp\/v2\/users\/5"}],"replies":[{"embeddable":true,"href":"https:\/\/wordpress-vgo440g88g4ow00008s4ook4.huppenbauer.net\/index.php?rest_route=%2Fwp%2Fv2%2Fcomments&post=566"}],"version-history":[{"count":1,"href":"https:\/\/wordpress-vgo440g88g4ow00008s4ook4.huppenbauer.net\/index.php?rest_route=\/wp\/v2\/pages\/566\/revisions"}],"predecessor-version":[{"id":567,"href":"https:\/\/wordpress-vgo440g88g4ow00008s4ook4.huppenbauer.net\/index.php?rest_route=\/wp\/v2\/pages\/566\/revisions\/567"}],"wp:attachment":[{"href":"https:\/\/wordpress-vgo440g88g4ow00008s4ook4.huppenbauer.net\/index.php?rest_route=%2Fwp%2Fv2%2Fmedia&parent=566"}],"curies":[{"name":"wp","href":"https:\/\/api.w.org\/{rel}","templated":true}]}}