{"id":377,"date":"2014-01-28T18:41:08","date_gmt":"2014-01-28T18:41:08","guid":{"rendered":"http:\/\/dorotheabaltzer.de\/?page_id=377"},"modified":"2014-01-28T18:50:19","modified_gmt":"2014-01-28T18:50:19","slug":"die-braut-von-messina","status":"publish","type":"page","link":"https:\/\/wordpress-vgo440g88g4ow00008s4ook4.huppenbauer.net\/?page_id=377","title":{"rendered":"Die Braut von Messina"},"content":{"rendered":"<h3>Die Braut von Messina &#8211; Friedrich Schiller (2005)<\/h3>\n<p>Messina befindet sich im B\u00fcrgerkrieg. Die unvers\u00f6hnliche Rivalit\u00e4t der F\u00fcrstens\u00f6hne Manuel und Cesar hat auch die Stadt entzweit. Des Kampfes m\u00fcde erzwingen die B\u00fcrger der Stadt von der F\u00fcrstin die Vers\u00f6hnung der Br\u00fcder. Was umso leichter f\u00e4llt, da die beiden frisch verliebt sind. Doch als sich herausstellt, dass die Liebe von Manuel und Cesar dem gleichen M\u00e4dchen gilt und zudem eine dunkle Familiengeschichte aufgedeckt wird, wird\u2019s hochdramatisch\u2026\u201eDie Braut von Messina\u201d oder \u201eDie Feindlichen Br\u00fcder, ein Trauerspiel mit Ch\u00f6ren\u201d, wurde am 19. M\u00e4rz 1803 in Weimar uraufgef\u00fchrt.<\/p>\n<p><a href=\"https:\/\/wordpress-vgo440g88g4ow00008s4ook4.huppenbauer.net\/wp-content\/uploads\/2014\/01\/die-braut-von-messina.jpg\"><img loading=\"lazy\" decoding=\"async\" class=\"alignnone size-large wp-image-382\" title=\"die braut von messina\" src=\"https:\/\/wordpress-vgo440g88g4ow00008s4ook4.huppenbauer.net\/wp-content\/uploads\/2014\/01\/die-braut-von-messina-644x1024.jpg\" alt=\"\" width=\"644\" height=\"1024\" srcset=\"https:\/\/wordpress-vgo440g88g4ow00008s4ook4.huppenbauer.net\/wp-content\/uploads\/2014\/01\/die-braut-von-messina-644x1024.jpg 644w, https:\/\/wordpress-vgo440g88g4ow00008s4ook4.huppenbauer.net\/wp-content\/uploads\/2014\/01\/die-braut-von-messina-188x300.jpg 188w, https:\/\/wordpress-vgo440g88g4ow00008s4ook4.huppenbauer.net\/wp-content\/uploads\/2014\/01\/die-braut-von-messina.jpg 1566w\" sizes=\"auto, (max-width: 644px) 100vw, 644px\" \/><\/a><\/p>\n","protected":false},"excerpt":{"rendered":"<p>Die Braut von Messina &#8211; Friedrich Schiller (2005) Messina befindet sich im B\u00fcrgerkrieg. Die unvers\u00f6hnliche Rivalit\u00e4t der F\u00fcrstens\u00f6hne Manuel und Cesar hat auch die Stadt entzweit. Des Kampfes m\u00fcde erzwingen [&hellip;]<\/p>\n","protected":false},"author":5,"featured_media":0,"parent":0,"menu_order":0,"comment_status":"open","ping_status":"open","template":"","meta":{"footnotes":""},"class_list":["post-377","page","type-page","status-publish","hentry"],"_links":{"self":[{"href":"https:\/\/wordpress-vgo440g88g4ow00008s4ook4.huppenbauer.net\/index.php?rest_route=\/wp\/v2\/pages\/377","targetHints":{"allow":["GET"]}}],"collection":[{"href":"https:\/\/wordpress-vgo440g88g4ow00008s4ook4.huppenbauer.net\/index.php?rest_route=\/wp\/v2\/pages"}],"about":[{"href":"https:\/\/wordpress-vgo440g88g4ow00008s4ook4.huppenbauer.net\/index.php?rest_route=\/wp\/v2\/types\/page"}],"author":[{"embeddable":true,"href":"https:\/\/wordpress-vgo440g88g4ow00008s4ook4.huppenbauer.net\/index.php?rest_route=\/wp\/v2\/users\/5"}],"replies":[{"embeddable":true,"href":"https:\/\/wordpress-vgo440g88g4ow00008s4ook4.huppenbauer.net\/index.php?rest_route=%2Fwp%2Fv2%2Fcomments&post=377"}],"version-history":[{"count":4,"href":"https:\/\/wordpress-vgo440g88g4ow00008s4ook4.huppenbauer.net\/index.php?rest_route=\/wp\/v2\/pages\/377\/revisions"}],"predecessor-version":[{"id":380,"href":"https:\/\/wordpress-vgo440g88g4ow00008s4ook4.huppenbauer.net\/index.php?rest_route=\/wp\/v2\/pages\/377\/revisions\/380"}],"wp:attachment":[{"href":"https:\/\/wordpress-vgo440g88g4ow00008s4ook4.huppenbauer.net\/index.php?rest_route=%2Fwp%2Fv2%2Fmedia&parent=377"}],"curies":[{"name":"wp","href":"https:\/\/api.w.org\/{rel}","templated":true}]}}