{"id":352,"date":"2013-11-12T19:18:55","date_gmt":"2013-11-12T19:18:55","guid":{"rendered":"http:\/\/dorotheabaltzer.de\/?page_id=352"},"modified":"2014-01-28T18:58:23","modified_gmt":"2014-01-28T18:58:23","slug":"onkel-wanja-2008","status":"publish","type":"page","link":"https:\/\/wordpress-vgo440g88g4ow00008s4ook4.huppenbauer.net\/?page_id=352","title":{"rendered":"Onkel Wanja (2008)"},"content":{"rendered":"<h3>Onkel Wanja (2008)<\/h3>\n<div>Dauer 1 Stunde 55 Minuten<\/div>\n<div>\n<p>\u201eDie Menschen sind mit Klugheit und Talent gesegnet, um zu vermehren, was ihnen geschenkt wurde, aber statt etwas hervor zu bringen, zerst\u00f6ren sie nur. Die W\u00e4lder werden weniger, die Fl\u00fcsse trocknen aus, die Tiere sterben, das Klima verschlechtert sich, und mit jedem Tag wird die Erde \u00e4rmer und h\u00e4sslicher.\u201d<\/p>\n<p>Anton Tschechow l\u00e4sst seinen Dr. Astrow diese S\u00e4tze sprechen und k\u00f6nnte damit kaum aktueller sein. Doch nat\u00fcrlich ist Tschechow nicht nur ein prophetischer Dramatiker, als gro\u00dfer Psychologe setzt er seine Figuren immensen Spannungsfeldern aus: hochwogende Emotionen, amour\u00f6se Verwicklungen, Sehns\u00fcchte nach dem sinnhaften Leben und eruptierende Leidenschaften einerseits und gro\u00dfe Ent-T\u00e4uschungen sowie j\u00e4he Abst\u00fcrze in die Banalit\u00e4ten des Alltags andererseits verwebt Tschechow zu einer gro\u00dfartigen Kom\u00f6die der Verzweiflung.<\/p>\n<p>Premiere war am Mittwoch, dem 5. November 2008.<\/p>\n<p>Die Auff\u00fchrungsrechte liegen beim S. Fischer Verlag, Frankfurt am Main.<\/p>\n<p><a href=\"https:\/\/wordpress-vgo440g88g4ow00008s4ook4.huppenbauer.net\/wp-content\/uploads\/2013\/11\/onkel_wanja_05.jpg\"><img loading=\"lazy\" decoding=\"async\" class=\"alignnone size-large wp-image-353\" title=\"Onkel WanjaSzenen aus dem Landleben in vier Aktenvon Anton Tschechow\" src=\"https:\/\/wordpress-vgo440g88g4ow00008s4ook4.huppenbauer.net\/wp-content\/uploads\/2013\/11\/onkel_wanja_05-1024x682.jpg\" alt=\"\" width=\"614\" height=\"409\" srcset=\"https:\/\/wordpress-vgo440g88g4ow00008s4ook4.huppenbauer.net\/wp-content\/uploads\/2013\/11\/onkel_wanja_05-1024x682.jpg 1024w, https:\/\/wordpress-vgo440g88g4ow00008s4ook4.huppenbauer.net\/wp-content\/uploads\/2013\/11\/onkel_wanja_05-300x200.jpg 300w, https:\/\/wordpress-vgo440g88g4ow00008s4ook4.huppenbauer.net\/wp-content\/uploads\/2013\/11\/onkel_wanja_05.jpg 1944w\" sizes=\"auto, (max-width: 614px) 100vw, 614px\" \/><\/a><\/p>\n<p>Quelle: <a href=\"http:\/\/www.tri-buehne.de\/presse\/galerie\/archiv\/811?page=4\">www.tri-buehne.de<\/a><\/p>\n<\/div>\n","protected":false},"excerpt":{"rendered":"<p>Onkel Wanja (2008) Dauer 1 Stunde 55 Minuten \u201eDie Menschen sind mit Klugheit und Talent gesegnet, um zu vermehren, was ihnen geschenkt wurde, aber statt etwas hervor zu bringen, zerst\u00f6ren [&hellip;]<\/p>\n","protected":false},"author":5,"featured_media":0,"parent":0,"menu_order":0,"comment_status":"open","ping_status":"open","template":"","meta":{"footnotes":""},"class_list":["post-352","page","type-page","status-publish","hentry"],"_links":{"self":[{"href":"https:\/\/wordpress-vgo440g88g4ow00008s4ook4.huppenbauer.net\/index.php?rest_route=\/wp\/v2\/pages\/352","targetHints":{"allow":["GET"]}}],"collection":[{"href":"https:\/\/wordpress-vgo440g88g4ow00008s4ook4.huppenbauer.net\/index.php?rest_route=\/wp\/v2\/pages"}],"about":[{"href":"https:\/\/wordpress-vgo440g88g4ow00008s4ook4.huppenbauer.net\/index.php?rest_route=\/wp\/v2\/types\/page"}],"author":[{"embeddable":true,"href":"https:\/\/wordpress-vgo440g88g4ow00008s4ook4.huppenbauer.net\/index.php?rest_route=\/wp\/v2\/users\/5"}],"replies":[{"embeddable":true,"href":"https:\/\/wordpress-vgo440g88g4ow00008s4ook4.huppenbauer.net\/index.php?rest_route=%2Fwp%2Fv2%2Fcomments&post=352"}],"version-history":[{"count":5,"href":"https:\/\/wordpress-vgo440g88g4ow00008s4ook4.huppenbauer.net\/index.php?rest_route=\/wp\/v2\/pages\/352\/revisions"}],"predecessor-version":[{"id":391,"href":"https:\/\/wordpress-vgo440g88g4ow00008s4ook4.huppenbauer.net\/index.php?rest_route=\/wp\/v2\/pages\/352\/revisions\/391"}],"wp:attachment":[{"href":"https:\/\/wordpress-vgo440g88g4ow00008s4ook4.huppenbauer.net\/index.php?rest_route=%2Fwp%2Fv2%2Fmedia&parent=352"}],"curies":[{"name":"wp","href":"https:\/\/api.w.org\/{rel}","templated":true}]}}