{"id":340,"date":"2013-06-12T14:17:59","date_gmt":"2013-06-12T14:17:59","guid":{"rendered":"http:\/\/dorotheabaltzer.de\/?page_id=340"},"modified":"2013-06-12T14:20:57","modified_gmt":"2013-06-12T14:20:57","slug":"wassa-schelesnowa","status":"publish","type":"page","link":"https:\/\/wordpress-vgo440g88g4ow00008s4ook4.huppenbauer.net\/?page_id=340","title":{"rendered":"Wassa Schelesnowa"},"content":{"rendered":"<div>\n<h3>Wassa Schelesnowa<\/h3>\n<div>von Maxim Gorkij<\/div>\n<\/div>\n<div>\n<div>\u00dcbersetzung Andrea Clemens<\/div>\n<div>\n<div>Regie Valerij Fokin<\/div>\n<\/div>\n<div>\n<div>B\u00fchne <a href=\"http:\/\/www.tri-buehne.de\/ensemble\/3\/722\">Cs\u00f6rsz Khell<\/a><\/div>\n<div>Kost\u00fcme Gy\u00f6rgyi Szak\u00e1cs<\/div>\n<\/div>\n<div>\n<div>Darsteller Michael Baderschneider\u00a0| <a href=\"http:\/\/www.tri-buehne.de\/ensemble\/1\/107\">Dorothea Baltzer<\/a>\u00a0| Hannelore B\u00e4hr\u00a0| Irene Christ\u00a0| Achim Grauer\u00a0| Hans Haasis\u00a0| Karla Kaufmann\u00a0| Hans-Uwe Kl\u00fcgel\u00a0| <a href=\"http:\/\/www.tri-buehne.de\/ensemble\/1\/1\">Edith Koerber<\/a>\u00a0| Anja Korpiun\u00a0| Anna Maria Pagano\u00a0| G\u00fcnther Seywirth\u00a0| Burkhart Siedhoff<\/div>\n<\/div>\n<div>Dauer 1 Stunde 40 Minuten<\/div>\n<div>\n<p>Premiere am 31. Oktober 1991.<br \/>\nDie Auff\u00fchrungsrechte liegen beim Verlag der Autoren.<\/p>\n<\/div>\n<\/div>\n","protected":false},"excerpt":{"rendered":"<p>Wassa Schelesnowa von Maxim Gorkij \u00dcbersetzung Andrea Clemens Regie Valerij Fokin B\u00fchne Cs\u00f6rsz Khell Kost\u00fcme Gy\u00f6rgyi Szak\u00e1cs Darsteller Michael Baderschneider\u00a0| Dorothea Baltzer\u00a0| Hannelore B\u00e4hr\u00a0| Irene Christ\u00a0| Achim Grauer\u00a0| Hans Haasis\u00a0| [&hellip;]<\/p>\n","protected":false},"author":5,"featured_media":0,"parent":0,"menu_order":0,"comment_status":"open","ping_status":"open","template":"","meta":{"footnotes":""},"class_list":["post-340","page","type-page","status-publish","hentry"],"_links":{"self":[{"href":"https:\/\/wordpress-vgo440g88g4ow00008s4ook4.huppenbauer.net\/index.php?rest_route=\/wp\/v2\/pages\/340","targetHints":{"allow":["GET"]}}],"collection":[{"href":"https:\/\/wordpress-vgo440g88g4ow00008s4ook4.huppenbauer.net\/index.php?rest_route=\/wp\/v2\/pages"}],"about":[{"href":"https:\/\/wordpress-vgo440g88g4ow00008s4ook4.huppenbauer.net\/index.php?rest_route=\/wp\/v2\/types\/page"}],"author":[{"embeddable":true,"href":"https:\/\/wordpress-vgo440g88g4ow00008s4ook4.huppenbauer.net\/index.php?rest_route=\/wp\/v2\/users\/5"}],"replies":[{"embeddable":true,"href":"https:\/\/wordpress-vgo440g88g4ow00008s4ook4.huppenbauer.net\/index.php?rest_route=%2Fwp%2Fv2%2Fcomments&post=340"}],"version-history":[{"count":3,"href":"https:\/\/wordpress-vgo440g88g4ow00008s4ook4.huppenbauer.net\/index.php?rest_route=\/wp\/v2\/pages\/340\/revisions"}],"predecessor-version":[{"id":342,"href":"https:\/\/wordpress-vgo440g88g4ow00008s4ook4.huppenbauer.net\/index.php?rest_route=\/wp\/v2\/pages\/340\/revisions\/342"}],"wp:attachment":[{"href":"https:\/\/wordpress-vgo440g88g4ow00008s4ook4.huppenbauer.net\/index.php?rest_route=%2Fwp%2Fv2%2Fmedia&parent=340"}],"curies":[{"name":"wp","href":"https:\/\/api.w.org\/{rel}","templated":true}]}}