{"id":331,"date":"2013-06-12T14:13:47","date_gmt":"2013-06-12T14:13:47","guid":{"rendered":"http:\/\/dorotheabaltzer.de\/?page_id=331"},"modified":"2013-06-12T14:21:42","modified_gmt":"2013-06-12T14:21:42","slug":"rund-um-den-kongress","status":"publish","type":"page","link":"https:\/\/wordpress-vgo440g88g4ow00008s4ook4.huppenbauer.net\/?page_id=331","title":{"rendered":"Rund um den Kongress (1988)"},"content":{"rendered":"<div>\n<h3>Rund um den Kongress<\/h3>\n<div>von \u00d6d\u00f6n von Horv\u00e1th<\/div>\n<\/div>\n<div>\n<div>\n<div>Regie Burkhart Siedhoff<\/div>\n<\/div>\n<div>\n<div>B\u00fchne <a href=\"http:\/\/www.tri-buehne.de\/ensemble\/3\/722\">Cs\u00f6rsz Khell<\/a><\/div>\n<div>Musik <a href=\"http:\/\/www.tri-buehne.de\/ensemble\/3\/14\">Dietrich Lutz<\/a><\/div>\n<\/div>\n<div>Puppen M\u00e1ria C. Szab\u00f3<\/div>\n<div>\n<div>Darsteller <a href=\"http:\/\/www.tri-buehne.de\/ensemble\/1\/107\">Dorothea Baltzer<\/a>\u00a0| Torsten Flach\u00a0| Hans Haasis\u00a0| Thomas Haenisch\u00a0| Stefanie Haubitz\u00a0| Werner Klockow\u00a0| <a href=\"http:\/\/www.tri-buehne.de\/ensemble\/1\/14\">Dietrich Lutz<\/a>\u00a0| Andreas Mussotter\u00a0| Sabine Niethammer\u00a0| Jochen N\u00f6tzelmann\u00a0| G\u00fcnter Schaupp\u00a0| Hermann Wenning<\/div>\n<\/div>\n<div>Dauer 2 Stunden<\/div>\n<div>\n<p>Premiere am 11. Juni 1988.<br \/>\nDie Auff\u00fchrungsrechte liegen beim Thomas Sessler Verlag, Wien.<\/p>\n<\/div>\n<\/div>\n","protected":false},"excerpt":{"rendered":"<p>Rund um den Kongress von \u00d6d\u00f6n von Horv\u00e1th Regie Burkhart Siedhoff B\u00fchne Cs\u00f6rsz Khell Musik Dietrich Lutz Puppen M\u00e1ria C. Szab\u00f3 Darsteller Dorothea Baltzer\u00a0| Torsten Flach\u00a0| Hans Haasis\u00a0| Thomas Haenisch\u00a0| [&hellip;]<\/p>\n","protected":false},"author":5,"featured_media":0,"parent":0,"menu_order":0,"comment_status":"open","ping_status":"open","template":"","meta":{"footnotes":""},"class_list":["post-331","page","type-page","status-publish","hentry"],"_links":{"self":[{"href":"https:\/\/wordpress-vgo440g88g4ow00008s4ook4.huppenbauer.net\/index.php?rest_route=\/wp\/v2\/pages\/331","targetHints":{"allow":["GET"]}}],"collection":[{"href":"https:\/\/wordpress-vgo440g88g4ow00008s4ook4.huppenbauer.net\/index.php?rest_route=\/wp\/v2\/pages"}],"about":[{"href":"https:\/\/wordpress-vgo440g88g4ow00008s4ook4.huppenbauer.net\/index.php?rest_route=\/wp\/v2\/types\/page"}],"author":[{"embeddable":true,"href":"https:\/\/wordpress-vgo440g88g4ow00008s4ook4.huppenbauer.net\/index.php?rest_route=\/wp\/v2\/users\/5"}],"replies":[{"embeddable":true,"href":"https:\/\/wordpress-vgo440g88g4ow00008s4ook4.huppenbauer.net\/index.php?rest_route=%2Fwp%2Fv2%2Fcomments&post=331"}],"version-history":[{"count":6,"href":"https:\/\/wordpress-vgo440g88g4ow00008s4ook4.huppenbauer.net\/index.php?rest_route=\/wp\/v2\/pages\/331\/revisions"}],"predecessor-version":[{"id":345,"href":"https:\/\/wordpress-vgo440g88g4ow00008s4ook4.huppenbauer.net\/index.php?rest_route=\/wp\/v2\/pages\/331\/revisions\/345"}],"wp:attachment":[{"href":"https:\/\/wordpress-vgo440g88g4ow00008s4ook4.huppenbauer.net\/index.php?rest_route=%2Fwp%2Fv2%2Fmedia&parent=331"}],"curies":[{"name":"wp","href":"https:\/\/api.w.org\/{rel}","templated":true}]}}