{"id":288,"date":"2013-02-17T14:02:10","date_gmt":"2013-02-17T14:02:10","guid":{"rendered":"http:\/\/dorotheabaltzer.de\/?page_id=288"},"modified":"2013-02-17T17:03:26","modified_gmt":"2013-02-17T17:03:26","slug":"der-menschenfeind","status":"publish","type":"page","link":"https:\/\/wordpress-vgo440g88g4ow00008s4ook4.huppenbauer.net\/?page_id=288","title":{"rendered":"Der Menschenfeind, 2000"},"content":{"rendered":"<h3>Der Menschenfeind<\/h3>\n<div>\n<div>von Moli\u00e8re<\/div>\n<\/div>\n<div>\n<div>\u00dcbersetzung Paul Mochmann<\/div>\n<div>\n<div>Regie Renate Klett<\/div>\n<\/div>\n<div>Dauer 1 Stunde 30 Minuten<\/div>\n<div>\n<p>Eine tragische Kom\u00f6die, eine komische Trag\u00f6die? Moli\u00e8res dramatische Gratwanderung ist beides und dazu eine der ungew\u00f6hnlichsten Liebesgeschichten der Weltliteratur. Der Klassiker erweist sich als erstaunlich modern, zeigt er doch eine Gruppe von Menschen, denen vor lauter Geld die (Lebens-)Ideen ausgegangen sind. Arroganz, Verlogenheit, Leere, Langeweile, Intrigen &#8211; die barocken H\u00f6flinge sehen den Metropolen-Yuppies von heute verbl\u00fcffend \u00e4hnlich.<\/p>\n<p>Auch der Menschenfeind Alceste ist wiedererkennbar: w\u00fctend und verbissen k\u00e4mpft er um Ehrlichkeit, Anstand und einen Rest von Moral, aber er verstrickt sich dabei immer mehr in seine eigenen Widerspr\u00fcche. Selbst Teil der Gesellschaft, die er verachtet, genie\u00dft er ihre Vorteile und hasst ihre Verkommenheit.<\/p>\n<p>Und dass er ausgerechnet C\u00e9lim\u00e8ne liebt, die ungekr\u00f6nte K\u00f6nigin der Clique, macht ihm das Leben schier unertr\u00e4glich:<\/p>\n<blockquote><p>Am liebsten m\u00f6cht\u2019 ich in die W\u00fcste gehn<br \/>\nUm keinen einz\u2019gen Menschen mehr zu sehn.<\/p><\/blockquote>\n<p>\u2026 erkl\u00e4rt Alceste im 1. Akt und tut es im 5. Oder doch nicht?<\/p>\n<p>Premiere am Freitag, dem 14. Januar 2000.<br \/>\nDie Auff\u00fchrungsrechte liegen bei der henschel Schauspiel Theaterverlag Berlin GmbH.<\/p>\n<\/div>\n<\/div>\n","protected":false},"excerpt":{"rendered":"<p>Der Menschenfeind von Moli\u00e8re \u00dcbersetzung Paul Mochmann Regie Renate Klett Dauer 1 Stunde 30 Minuten Eine tragische Kom\u00f6die, eine komische Trag\u00f6die? Moli\u00e8res dramatische Gratwanderung ist beides und dazu eine der [&hellip;]<\/p>\n","protected":false},"author":5,"featured_media":0,"parent":0,"menu_order":0,"comment_status":"open","ping_status":"open","template":"","meta":{"footnotes":""},"class_list":["post-288","page","type-page","status-publish","hentry"],"_links":{"self":[{"href":"https:\/\/wordpress-vgo440g88g4ow00008s4ook4.huppenbauer.net\/index.php?rest_route=\/wp\/v2\/pages\/288","targetHints":{"allow":["GET"]}}],"collection":[{"href":"https:\/\/wordpress-vgo440g88g4ow00008s4ook4.huppenbauer.net\/index.php?rest_route=\/wp\/v2\/pages"}],"about":[{"href":"https:\/\/wordpress-vgo440g88g4ow00008s4ook4.huppenbauer.net\/index.php?rest_route=\/wp\/v2\/types\/page"}],"author":[{"embeddable":true,"href":"https:\/\/wordpress-vgo440g88g4ow00008s4ook4.huppenbauer.net\/index.php?rest_route=\/wp\/v2\/users\/5"}],"replies":[{"embeddable":true,"href":"https:\/\/wordpress-vgo440g88g4ow00008s4ook4.huppenbauer.net\/index.php?rest_route=%2Fwp%2Fv2%2Fcomments&post=288"}],"version-history":[{"count":4,"href":"https:\/\/wordpress-vgo440g88g4ow00008s4ook4.huppenbauer.net\/index.php?rest_route=\/wp\/v2\/pages\/288\/revisions"}],"predecessor-version":[{"id":305,"href":"https:\/\/wordpress-vgo440g88g4ow00008s4ook4.huppenbauer.net\/index.php?rest_route=\/wp\/v2\/pages\/288\/revisions\/305"}],"wp:attachment":[{"href":"https:\/\/wordpress-vgo440g88g4ow00008s4ook4.huppenbauer.net\/index.php?rest_route=%2Fwp%2Fv2%2Fmedia&parent=288"}],"curies":[{"name":"wp","href":"https:\/\/api.w.org\/{rel}","templated":true}]}}