{"id":279,"date":"2013-02-17T13:21:16","date_gmt":"2013-02-17T13:21:16","guid":{"rendered":"http:\/\/dorotheabaltzer.de\/?page_id=279"},"modified":"2013-02-17T13:53:29","modified_gmt":"2013-02-17T13:53:29","slug":"der-gute-mensch-von-sezuan","status":"publish","type":"page","link":"https:\/\/wordpress-vgo440g88g4ow00008s4ook4.huppenbauer.net\/?page_id=279","title":{"rendered":"Der Gute Mensch von Sezuan"},"content":{"rendered":"<h3>Der Gute Mensch von Sezuan<\/h3>\n<div>Dauer 3 Stunden (mit Pause)<\/div>\n<div>\n<div>\n<div>Regie G\u00e1bor Zs\u00e1mb\u00e9ki<\/div>\n<\/div>\n<\/div>\n<div>\n<p>Brechts \u201efast schon Klassiker\u201d hatten wir bis 1995 auf dem Spielplan, in der Inszenierung von G\u00e1bor Zs\u00e1mb\u00e9ki. Inzwischen hat sich die Welt gewaltig ver\u00e4ndert und Brechts Parabel ist leider aktueller denn je.<\/p>\n<p>Zum Inhalt:<\/p>\n<p>Die Prostituierte Shen Te, die Verk\u00f6rperung der Utopie des humanen Miteinanders, erlangt in der Stadt Sezuan durch ihre guten Taten Beliebtheit. Die \u00f6konomische Basis ihrer Mildt\u00e4tigkeit ist ihr kleiner Tabakladen, der nat\u00fcrlich unter dem Ansturm der Bed\u00fcrftigkeit zusammenbricht.<\/p>\n<p>In ihrer Not schafft sich Shen Te ihr Alter Ego Shui Ta, der eine rational-\u00f6konomische Denk- und Verhaltensweise vertritt, die sich ausschlie\u00dflich an den Notwendigkeiten der Produktion und des Marketings orientiert. Der menschliche Faktor wird dabei nur als Element der Produktivit\u00e4t ber\u00fccksichtigt.<\/p>\n<p>Somit wird im St\u00fcck aus dem Gegensatz \u201egut und b\u00f6se\u201d der Gegensatz \u201egut und wirtschaftlich vern\u00fcnftig\u201d. Bertolt Brecht verpackt sein hochpolitisches St\u00fcck in pralles, lebendiges und kom\u00f6diantisches Volkstheater.<\/p>\n<p>Premiere am 11. Januar 1989.<br \/>\nDie Auff\u00fchrungsrechte liegen bei der Suhrkamp Verlag GmbH, Frankfurt a.M.<a href=\"https:\/\/wordpress-vgo440g88g4ow00008s4ook4.huppenbauer.net\/wp-content\/uploads\/2013\/02\/dergute-mensch-von-sezuan-2005.jpg\"><img loading=\"lazy\" decoding=\"async\" class=\"alignnone size-large wp-image-282\" title=\"Dergute Mensch von Sezuan 2005\" src=\"https:\/\/wordpress-vgo440g88g4ow00008s4ook4.huppenbauer.net\/wp-content\/uploads\/2013\/02\/dergute-mensch-von-sezuan-2005-1024x768.jpg\" alt=\"\" width=\"1024\" height=\"768\" srcset=\"https:\/\/wordpress-vgo440g88g4ow00008s4ook4.huppenbauer.net\/wp-content\/uploads\/2013\/02\/dergute-mensch-von-sezuan-2005-1024x768.jpg 1024w, https:\/\/wordpress-vgo440g88g4ow00008s4ook4.huppenbauer.net\/wp-content\/uploads\/2013\/02\/dergute-mensch-von-sezuan-2005-300x225.jpg 300w\" sizes=\"auto, (max-width: 1024px) 100vw, 1024px\" \/><\/a><\/p>\n<\/div>\n","protected":false},"excerpt":{"rendered":"<p>Der Gute Mensch von Sezuan Dauer 3 Stunden (mit Pause) Regie G\u00e1bor Zs\u00e1mb\u00e9ki Brechts \u201efast schon Klassiker\u201d hatten wir bis 1995 auf dem Spielplan, in der Inszenierung von G\u00e1bor Zs\u00e1mb\u00e9ki. [&hellip;]<\/p>\n","protected":false},"author":5,"featured_media":282,"parent":0,"menu_order":0,"comment_status":"open","ping_status":"open","template":"","meta":{"footnotes":""},"class_list":["post-279","page","type-page","status-publish","has-post-thumbnail","hentry"],"_links":{"self":[{"href":"https:\/\/wordpress-vgo440g88g4ow00008s4ook4.huppenbauer.net\/index.php?rest_route=\/wp\/v2\/pages\/279","targetHints":{"allow":["GET"]}}],"collection":[{"href":"https:\/\/wordpress-vgo440g88g4ow00008s4ook4.huppenbauer.net\/index.php?rest_route=\/wp\/v2\/pages"}],"about":[{"href":"https:\/\/wordpress-vgo440g88g4ow00008s4ook4.huppenbauer.net\/index.php?rest_route=\/wp\/v2\/types\/page"}],"author":[{"embeddable":true,"href":"https:\/\/wordpress-vgo440g88g4ow00008s4ook4.huppenbauer.net\/index.php?rest_route=\/wp\/v2\/users\/5"}],"replies":[{"embeddable":true,"href":"https:\/\/wordpress-vgo440g88g4ow00008s4ook4.huppenbauer.net\/index.php?rest_route=%2Fwp%2Fv2%2Fcomments&post=279"}],"version-history":[{"count":5,"href":"https:\/\/wordpress-vgo440g88g4ow00008s4ook4.huppenbauer.net\/index.php?rest_route=\/wp\/v2\/pages\/279\/revisions"}],"predecessor-version":[{"id":287,"href":"https:\/\/wordpress-vgo440g88g4ow00008s4ook4.huppenbauer.net\/index.php?rest_route=\/wp\/v2\/pages\/279\/revisions\/287"}],"wp:featuredmedia":[{"embeddable":true,"href":"https:\/\/wordpress-vgo440g88g4ow00008s4ook4.huppenbauer.net\/index.php?rest_route=\/wp\/v2\/media\/282"}],"wp:attachment":[{"href":"https:\/\/wordpress-vgo440g88g4ow00008s4ook4.huppenbauer.net\/index.php?rest_route=%2Fwp%2Fv2%2Fmedia&parent=279"}],"curies":[{"name":"wp","href":"https:\/\/api.w.org\/{rel}","templated":true}]}}