{"id":268,"date":"2013-02-17T12:54:40","date_gmt":"2013-02-17T12:54:40","guid":{"rendered":"http:\/\/dorotheabaltzer.de\/?page_id=268"},"modified":"2013-02-17T14:14:05","modified_gmt":"2013-02-17T14:14:05","slug":"minna-von-barnhelm-oder-das-soldatenglueck","status":"publish","type":"page","link":"https:\/\/wordpress-vgo440g88g4ow00008s4ook4.huppenbauer.net\/?page_id=268","title":{"rendered":"Minna von Barnhelm oder Das Soldatengl\u00fcck"},"content":{"rendered":"<div>Dauer 1 Stunde 55 Minuten<\/div>\n<div>\n<div>\n<div>Regie Christine Gnann<\/div>\n<\/div>\n<\/div>\n<div>\n<p>Der Siebenj\u00e4hrige Krieg ist zu Ende, Sachsen von Preu\u00dfen geschlagen. Minna von Barnhelm, ein s\u00e4chsisches Edelfr\u00e4ulein, gescheit und emanzipiert, sieht das Gl\u00fcck ihres Lebens in h\u00f6chster Gefahr. Denn ihr geliebter Major von Tellheim, Offizier im Dienst Preu\u00dfens, beging im Auge des Dienstherrn Unverzeihliches: Er zeigte Milde und Gro\u00dfherzigkeit gegen\u00fcber den s\u00e4chsischen Feinden. Prompt ger\u00e4t er unter Bestechungsverdacht. Unehrenhaft entlassen, seiner Privilegien verlustig und leidend an den Symptomen einer posttraumatischen Belastungsst\u00f6rung will er untertauchen, denn seine verlorene Ehre l\u00e4sst keine Heirat zu. Doch da hat er die Rechnung ohne seine Liebste gemacht \u2013 Minna will ihn immer noch und jetzt erst recht\u00a0\u2026 Gotthold Ephraim Lessings Kom\u00f6die handelt von Frauenliebe und M\u00e4nnerehre, von Liebe und ihrer Gef\u00e4hrdung in einer vom Krieg zerst\u00f6rten, vom Geld regierten Welt, mit einer erstaunlich selbstbewussten Frau im Mittelpunkt.<\/p>\n<p>Premiere am 27. Januar 2010.<\/p>\n<p>&nbsp;<\/p>\n<p>&nbsp;<\/p>\n<\/div>\n<div id=\"attachment_272\" style=\"width: 717px\" class=\"wp-caption alignnone\"><a href=\"https:\/\/wordpress-vgo440g88g4ow00008s4ook4.huppenbauer.net\/wp-content\/uploads\/2013\/02\/minna-von-barnhelm-foto.jpg\"><img loading=\"lazy\" decoding=\"async\" aria-describedby=\"caption-attachment-272\" class=\"size-full wp-image-272 \" title=\"Minna von Barnhelm-Foto\" src=\"https:\/\/wordpress-vgo440g88g4ow00008s4ook4.huppenbauer.net\/wp-content\/uploads\/2013\/02\/minna-von-barnhelm-foto.jpg\" alt=\"\" width=\"707\" height=\"1061\" srcset=\"https:\/\/wordpress-vgo440g88g4ow00008s4ook4.huppenbauer.net\/wp-content\/uploads\/2013\/02\/minna-von-barnhelm-foto.jpg 1179w, https:\/\/wordpress-vgo440g88g4ow00008s4ook4.huppenbauer.net\/wp-content\/uploads\/2013\/02\/minna-von-barnhelm-foto-199x300.jpg 199w, https:\/\/wordpress-vgo440g88g4ow00008s4ook4.huppenbauer.net\/wp-content\/uploads\/2013\/02\/minna-von-barnhelm-foto-682x1024.jpg 682w\" sizes=\"auto, (max-width: 707px) 100vw, 707px\" \/><\/a><p id=\"caption-attachment-272\" class=\"wp-caption-text\">Dorothea Baltzer (links)<\/p><\/div>\n<h3><\/h3>\n","protected":false},"excerpt":{"rendered":"<p>Dauer 1 Stunde 55 Minuten Regie Christine Gnann Der Siebenj\u00e4hrige Krieg ist zu Ende, Sachsen von Preu\u00dfen geschlagen. Minna von Barnhelm, ein s\u00e4chsisches Edelfr\u00e4ulein, gescheit und emanzipiert, sieht das Gl\u00fcck [&hellip;]<\/p>\n","protected":false},"author":5,"featured_media":272,"parent":0,"menu_order":0,"comment_status":"open","ping_status":"open","template":"","meta":{"footnotes":""},"class_list":["post-268","page","type-page","status-publish","has-post-thumbnail","hentry"],"_links":{"self":[{"href":"https:\/\/wordpress-vgo440g88g4ow00008s4ook4.huppenbauer.net\/index.php?rest_route=\/wp\/v2\/pages\/268","targetHints":{"allow":["GET"]}}],"collection":[{"href":"https:\/\/wordpress-vgo440g88g4ow00008s4ook4.huppenbauer.net\/index.php?rest_route=\/wp\/v2\/pages"}],"about":[{"href":"https:\/\/wordpress-vgo440g88g4ow00008s4ook4.huppenbauer.net\/index.php?rest_route=\/wp\/v2\/types\/page"}],"author":[{"embeddable":true,"href":"https:\/\/wordpress-vgo440g88g4ow00008s4ook4.huppenbauer.net\/index.php?rest_route=\/wp\/v2\/users\/5"}],"replies":[{"embeddable":true,"href":"https:\/\/wordpress-vgo440g88g4ow00008s4ook4.huppenbauer.net\/index.php?rest_route=%2Fwp%2Fv2%2Fcomments&post=268"}],"version-history":[{"count":8,"href":"https:\/\/wordpress-vgo440g88g4ow00008s4ook4.huppenbauer.net\/index.php?rest_route=\/wp\/v2\/pages\/268\/revisions"}],"predecessor-version":[{"id":278,"href":"https:\/\/wordpress-vgo440g88g4ow00008s4ook4.huppenbauer.net\/index.php?rest_route=\/wp\/v2\/pages\/268\/revisions\/278"}],"wp:featuredmedia":[{"embeddable":true,"href":"https:\/\/wordpress-vgo440g88g4ow00008s4ook4.huppenbauer.net\/index.php?rest_route=\/wp\/v2\/media\/272"}],"wp:attachment":[{"href":"https:\/\/wordpress-vgo440g88g4ow00008s4ook4.huppenbauer.net\/index.php?rest_route=%2Fwp%2Fv2%2Fmedia&parent=268"}],"curies":[{"name":"wp","href":"https:\/\/api.w.org\/{rel}","templated":true}]}}