{"id":257,"date":"2013-02-11T15:17:56","date_gmt":"2013-02-11T15:17:56","guid":{"rendered":"http:\/\/dorotheabaltzer.de\/?page_id=257"},"modified":"2013-02-11T15:25:04","modified_gmt":"2013-02-11T15:25:04","slug":"planet-yoga","status":"publish","type":"page","link":"https:\/\/wordpress-vgo440g88g4ow00008s4ook4.huppenbauer.net\/?page_id=257","title":{"rendered":"Planet Yoga"},"content":{"rendered":"<p>&#8222;Planet Yoga&#8220; ist eine Sendung die Sie im ARTE ansehen k\u00f6nnen.<\/p>\n<p>Ich spreche zu einigen Teilen dieser Sendung und hoffe dass es Ihnen gef\u00e4llt.<\/p>\n<p>17.2.2013\u00a0\u00a0\u00a0\u00a0\u00a0\u00a0\u00a0\u00a0 23.15 Uhr\u00a0\u00a0\u00a0\u00a0\u00a0\u00a0\u00a0\u00a0\u00a0\u00a0\u00a0\u00a0 ARTE<\/p>\n<p>Auf der offiziellen Seite der ARTE k\u00f6nnen sie sich n\u00e4her \u00fcber diese Sendung informieren: <a title=\"Programm\" href=\"http:\/\/www.arte.tv\/de\/programm\/244,broadcastingNum=1450790,day=2,week=8,year=2013.html\" target=\"_blank\">Programm<\/a><\/p>\n","protected":false},"excerpt":{"rendered":"<p>&#8222;Planet Yoga&#8220; ist eine Sendung die Sie im ARTE ansehen k\u00f6nnen. Ich spreche zu einigen Teilen dieser Sendung und hoffe dass es Ihnen gef\u00e4llt. 17.2.2013\u00a0\u00a0\u00a0\u00a0\u00a0\u00a0\u00a0\u00a0 23.15 Uhr\u00a0\u00a0\u00a0\u00a0\u00a0\u00a0\u00a0\u00a0\u00a0\u00a0\u00a0\u00a0 ARTE Auf der [&hellip;]<\/p>\n","protected":false},"author":5,"featured_media":0,"parent":0,"menu_order":0,"comment_status":"open","ping_status":"open","template":"","meta":{"footnotes":""},"class_list":["post-257","page","type-page","status-publish","hentry"],"_links":{"self":[{"href":"https:\/\/wordpress-vgo440g88g4ow00008s4ook4.huppenbauer.net\/index.php?rest_route=\/wp\/v2\/pages\/257","targetHints":{"allow":["GET"]}}],"collection":[{"href":"https:\/\/wordpress-vgo440g88g4ow00008s4ook4.huppenbauer.net\/index.php?rest_route=\/wp\/v2\/pages"}],"about":[{"href":"https:\/\/wordpress-vgo440g88g4ow00008s4ook4.huppenbauer.net\/index.php?rest_route=\/wp\/v2\/types\/page"}],"author":[{"embeddable":true,"href":"https:\/\/wordpress-vgo440g88g4ow00008s4ook4.huppenbauer.net\/index.php?rest_route=\/wp\/v2\/users\/5"}],"replies":[{"embeddable":true,"href":"https:\/\/wordpress-vgo440g88g4ow00008s4ook4.huppenbauer.net\/index.php?rest_route=%2Fwp%2Fv2%2Fcomments&post=257"}],"version-history":[{"count":3,"href":"https:\/\/wordpress-vgo440g88g4ow00008s4ook4.huppenbauer.net\/index.php?rest_route=\/wp\/v2\/pages\/257\/revisions"}],"predecessor-version":[{"id":260,"href":"https:\/\/wordpress-vgo440g88g4ow00008s4ook4.huppenbauer.net\/index.php?rest_route=\/wp\/v2\/pages\/257\/revisions\/260"}],"wp:attachment":[{"href":"https:\/\/wordpress-vgo440g88g4ow00008s4ook4.huppenbauer.net\/index.php?rest_route=%2Fwp%2Fv2%2Fmedia&parent=257"}],"curies":[{"name":"wp","href":"https:\/\/api.w.org\/{rel}","templated":true}]}}