{"id":188,"date":"2013-02-10T15:23:19","date_gmt":"2013-02-10T15:23:19","guid":{"rendered":"http:\/\/dorotheabaltzer.de\/?page_id=188"},"modified":"2015-08-14T15:00:05","modified_gmt":"2015-08-14T13:00:05","slug":"der-gott-des-gemetzels","status":"publish","type":"page","link":"https:\/\/wordpress-vgo440g88g4ow00008s4ook4.huppenbauer.net\/?page_id=188","title":{"rendered":"Der Gott des Gemetzels"},"content":{"rendered":"<h3>\u00a0<span style=\"color: #000000;\"><span style=\"font-size: medium;\"><span style=\"font-family: Times New Roman,serif;\">Der Gott des Gemetzels<br \/>\n<\/span><\/span><\/span><\/h3>\n<p><span style=\"color: #000000;\"><span style=\"font-size: medium;\"><span style=\"font-family: Times New Roman,serif;\">Yasmina Rezas &#8222;Der Gott des Gemetzels&#8220;<\/span><span style=\"font-family: Times New Roman,serif;\">\u00a0ist ein Meisterwerk einer b\u00f6sen, schwarzhumorigen, kritischen Gesellschaftskom\u00f6die! Zwei 11j\u00e4hrige Jungen pr\u00fcgeln sich auf dem Schulhof, der eine schl\u00e4gt mit dem Stock zu, der andere verliert zwei Schneidez\u00e4hne. Unter zivilisierten Leuten, wie es die Eltern sind, spricht man die Sache gemeinsam durch, schlie\u00dflich ist man nicht in der Banlieu, wo die Autos brennen.<br \/>\nSo beraten Alain und Annette mit V\u00e9ronique und Michel bei Kaffee und Geb\u00e4ck, wie man p\u00e4dagogisch richtig auf Ferdinand (den T\u00e4ter) und Bruno (das Opfer) einwirkt, so konsens-bem\u00fcht und politisch korrekt, wie es sich heutzutage in unseren westlichen Gesellschaften geh\u00f6rt.<\/span><\/span><\/span><\/p>\n<p><img loading=\"lazy\" decoding=\"async\" class=\"alignnone size-full wp-image-300\" title=\"Gott des Gemetzels\" src=\"https:\/\/wordpress-vgo440g88g4ow00008s4ook4.huppenbauer.net\/wp-content\/uploads\/2013\/02\/gott-des-gemetzels.png\" alt=\"\" width=\"640\" height=\"427\" srcset=\"https:\/\/wordpress-vgo440g88g4ow00008s4ook4.huppenbauer.net\/wp-content\/uploads\/2013\/02\/gott-des-gemetzels.png 640w, https:\/\/wordpress-vgo440g88g4ow00008s4ook4.huppenbauer.net\/wp-content\/uploads\/2013\/02\/gott-des-gemetzels-300x200.png 300w\" sizes=\"auto, (max-width: 640px) 100vw, 640px\" \/><\/p>\n<p><span style=\"color: #000000;\"><span style=\"font-size: medium;\"><span style=\"font-family: Times New Roman,serif;\">Mit diabolischem und vitriolgetr\u00e4nktem Humor und erbarmungsloser Treffsicherheit spie\u00dft Yasmina Reza in ihrem St\u00fcck die moderne b\u00fcrgerliche Gesellschaft auf, die hin- und her-gerissen ist zwischen aufgekl\u00e4rtem, vern\u00fcnftigem Gutmenschentum und allzumenschlichem, egoistischem Konkurrenzkampf. So verbindlich und watteweich wir uns auch geben m\u00f6gen, am Ende beh\u00e4lt einer die Oberhand: Der GOTT DES GEMETZELS! Geschliffen, kom\u00f6diantisch, ber\u00fchrend und nachdenklich machend &#8211; Yasmina Reza&#8217;s Schauspiel zeigt ein weiteres Mal, weshalb sie weltweit die meistgespielte Dramatikerin der Gegenwart ist.<\/span><\/span><\/span><\/p>\n<p>&nbsp;<\/p>\n<p><a title=\"Tournee Theater Der Gott des Gemetzels\" href=\"http:\/\/www.tourneetheater.net\/dgdg\/index.htm\" target=\"_blank\">Hier geht es zum Tournee Theate<\/a>r<\/p>\n<div style=\"width: 640px;\" class=\"wp-video\"><!--[if lt IE 9]><script>document.createElement('video');<\/script><![endif]-->\n<video class=\"wp-video-shortcode\" id=\"video-188-1\" width=\"640\" height=\"360\" autoplay preload=\"auto\" controls=\"controls\"><source type=\"video\/x-flv\" src=\"https:\/\/wordpress-vgo440g88g4ow00008s4ook4.huppenbauer.net\/wp-content\/uploads\/2013\/02\/dgdg_trailer.flv?_=1\" \/><a href=\"https:\/\/wordpress-vgo440g88g4ow00008s4ook4.huppenbauer.net\/wp-content\/uploads\/2013\/02\/dgdg_trailer.flv\">https:\/\/wordpress-vgo440g88g4ow00008s4ook4.huppenbauer.net\/wp-content\/uploads\/2013\/02\/dgdg_trailer.flv<\/a><\/video><\/div>\n","protected":false},"excerpt":{"rendered":"<p>\u00a0Der Gott des Gemetzels Yasmina Rezas &#8222;Der Gott des Gemetzels&#8220;\u00a0ist ein Meisterwerk einer b\u00f6sen, schwarzhumorigen, kritischen Gesellschaftskom\u00f6die! Zwei 11j\u00e4hrige Jungen pr\u00fcgeln sich auf dem Schulhof, der eine schl\u00e4gt mit dem [&hellip;]<\/p>\n","protected":false},"author":5,"featured_media":300,"parent":0,"menu_order":0,"comment_status":"open","ping_status":"open","template":"","meta":{"footnotes":""},"class_list":["post-188","page","type-page","status-publish","has-post-thumbnail","hentry"],"_links":{"self":[{"href":"https:\/\/wordpress-vgo440g88g4ow00008s4ook4.huppenbauer.net\/index.php?rest_route=\/wp\/v2\/pages\/188","targetHints":{"allow":["GET"]}}],"collection":[{"href":"https:\/\/wordpress-vgo440g88g4ow00008s4ook4.huppenbauer.net\/index.php?rest_route=\/wp\/v2\/pages"}],"about":[{"href":"https:\/\/wordpress-vgo440g88g4ow00008s4ook4.huppenbauer.net\/index.php?rest_route=\/wp\/v2\/types\/page"}],"author":[{"embeddable":true,"href":"https:\/\/wordpress-vgo440g88g4ow00008s4ook4.huppenbauer.net\/index.php?rest_route=\/wp\/v2\/users\/5"}],"replies":[{"embeddable":true,"href":"https:\/\/wordpress-vgo440g88g4ow00008s4ook4.huppenbauer.net\/index.php?rest_route=%2Fwp%2Fv2%2Fcomments&post=188"}],"version-history":[{"count":21,"href":"https:\/\/wordpress-vgo440g88g4ow00008s4ook4.huppenbauer.net\/index.php?rest_route=\/wp\/v2\/pages\/188\/revisions"}],"predecessor-version":[{"id":549,"href":"https:\/\/wordpress-vgo440g88g4ow00008s4ook4.huppenbauer.net\/index.php?rest_route=\/wp\/v2\/pages\/188\/revisions\/549"}],"wp:featuredmedia":[{"embeddable":true,"href":"https:\/\/wordpress-vgo440g88g4ow00008s4ook4.huppenbauer.net\/index.php?rest_route=\/wp\/v2\/media\/300"}],"wp:attachment":[{"href":"https:\/\/wordpress-vgo440g88g4ow00008s4ook4.huppenbauer.net\/index.php?rest_route=%2Fwp%2Fv2%2Fmedia&parent=188"}],"curies":[{"name":"wp","href":"https:\/\/api.w.org\/{rel}","templated":true}]}}