{"id":183,"date":"2013-02-10T15:20:19","date_gmt":"2013-02-10T15:20:19","guid":{"rendered":"http:\/\/dorotheabaltzer.de\/?page_id=183"},"modified":"2013-03-16T18:37:13","modified_gmt":"2013-03-16T18:37:13","slug":"top-dogs","status":"publish","type":"page","link":"https:\/\/wordpress-vgo440g88g4ow00008s4ook4.huppenbauer.net\/?page_id=183","title":{"rendered":"top dogs"},"content":{"rendered":"<h3>top dogs<\/h3>\n<div>Dauer 1 Stunde 40 Minuten<\/div>\n<div>\n<p>Management-Buyout &#8211; Competition &#8211; Evaluation &#8211; Cash flow &#8211; Job-Portfolio &#8211; Lean Management &#8211; Zero base budgeting &#8211; Downsizing &#8211; Outplacing &#8211; Humankapital\u2026 Begriffe, mit denen die Heldinnen und Helden in Urs Widmers ber\u00fchmten St\u00fcck l\u00e4ssig spielen. Oder besser: gespielt haben, denn sie alle sind hochkar\u00e4tige Arbeitslose. Top Dogs eben. Nun finden sie sich wieder bei der \u201eNew Challenge Company\u201d, um dort mit unterschiedlichen, mitunter fast schon absurden Methoden f\u00fcr den Arbeitsmarkt wieder fit gemacht zu werden\u2026<\/p>\n<p>L\u00e1szl\u00f3 Bagossy: \u201eDie Figuren in Top Dogs sind entlassene Manager, j\u00e4mmerliche Verlierer, die von der Verzweiflung gequ\u00e4lt, von der Scham erdr\u00fcckt, vom Zorn beherrscht werden. Fast schon bemitleidenswert fl\u00fcchten sie sich ins Moralisieren, als h\u00e4tten sie von einem Augenblick zum anderen ihre harten Parolen vergessen.<\/p>\n<p>Aber der Kapitalismus zeigt seine humane Seite und stellt unseren Helden Hilfe bereit: Sie versammeln sich zu einem h\u00fcbschen Crash-Training, bei dem sie f\u00fcr einen neuen Job fit gemacht werden. Zugleich werden die verlorenen Seelen auf Vordermann gebracht, das abgewrackte Selbstwertgef\u00fchl wird aufgem\u00f6belt, die Selbsterkenntnis gesch\u00e4rft, die Kampfeslust trainiert und der wankende Glaube an Coca-Cola, Credit International, American Express und Toshiba wieder gefestigt. Zum Einsatz kommen dabei wissenschaftliche Methoden und Psychologie. Aber nicht jene Seelenheilkunde, die die Krankenkasse f\u00fcr jedermann bezahlt. Nein, diese Wissenschaft ist jene, mit deren Hilfe man sich im geeigneten Augenblick f\u00fcr das richtige Waschpulver, f\u00fcr die richtige Bank und f\u00fcr die richtige Partei entscheidet. F\u00fcr den Staatsb\u00fcrger gibt es in \u201aTop Dogs\u2019 viel zu lernen!\u201d<\/p>\n<p>Premiere am Samstag, dem 8. Oktober 2011.<br \/>\nDie Auff\u00fchrungsrechte liegen bei der Verlag der Autoren GmbH &amp; Co. KG, Frankfurt a.M.<\/p>\n<p><a href=\"https:\/\/wordpress-vgo440g88g4ow00008s4ook4.huppenbauer.net\/wp-content\/uploads\/2013\/02\/top_dogs_02.jpg\"><img loading=\"lazy\" decoding=\"async\" class=\"alignnone size-large wp-image-244\" title=\"Top Dogs von Urs Widmer, Regie: L\u00e1szl\u00f3 Bagossy\" src=\"https:\/\/wordpress-vgo440g88g4ow00008s4ook4.huppenbauer.net\/wp-content\/uploads\/2013\/02\/top_dogs_02-1024x824.jpg\" alt=\"\" width=\"1024\" height=\"824\" srcset=\"https:\/\/wordpress-vgo440g88g4ow00008s4ook4.huppenbauer.net\/wp-content\/uploads\/2013\/02\/top_dogs_02-1024x824.jpg 1024w, https:\/\/wordpress-vgo440g88g4ow00008s4ook4.huppenbauer.net\/wp-content\/uploads\/2013\/02\/top_dogs_02-300x241.jpg 300w\" sizes=\"auto, (max-width: 1024px) 100vw, 1024px\" \/><\/a><\/p>\n<p>Foto: tri-b\u00fchne<\/p>\n<\/div>\n","protected":false},"excerpt":{"rendered":"<p>top dogs Dauer 1 Stunde 40 Minuten Management-Buyout &#8211; Competition &#8211; Evaluation &#8211; Cash flow &#8211; Job-Portfolio &#8211; Lean Management &#8211; Zero base budgeting &#8211; Downsizing &#8211; Outplacing &#8211; Humankapital\u2026 [&hellip;]<\/p>\n","protected":false},"author":5,"featured_media":0,"parent":0,"menu_order":0,"comment_status":"open","ping_status":"open","template":"","meta":{"footnotes":""},"class_list":["post-183","page","type-page","status-publish","hentry"],"_links":{"self":[{"href":"https:\/\/wordpress-vgo440g88g4ow00008s4ook4.huppenbauer.net\/index.php?rest_route=\/wp\/v2\/pages\/183","targetHints":{"allow":["GET"]}}],"collection":[{"href":"https:\/\/wordpress-vgo440g88g4ow00008s4ook4.huppenbauer.net\/index.php?rest_route=\/wp\/v2\/pages"}],"about":[{"href":"https:\/\/wordpress-vgo440g88g4ow00008s4ook4.huppenbauer.net\/index.php?rest_route=\/wp\/v2\/types\/page"}],"author":[{"embeddable":true,"href":"https:\/\/wordpress-vgo440g88g4ow00008s4ook4.huppenbauer.net\/index.php?rest_route=\/wp\/v2\/users\/5"}],"replies":[{"embeddable":true,"href":"https:\/\/wordpress-vgo440g88g4ow00008s4ook4.huppenbauer.net\/index.php?rest_route=%2Fwp%2Fv2%2Fcomments&post=183"}],"version-history":[{"count":4,"href":"https:\/\/wordpress-vgo440g88g4ow00008s4ook4.huppenbauer.net\/index.php?rest_route=\/wp\/v2\/pages\/183\/revisions"}],"predecessor-version":[{"id":322,"href":"https:\/\/wordpress-vgo440g88g4ow00008s4ook4.huppenbauer.net\/index.php?rest_route=\/wp\/v2\/pages\/183\/revisions\/322"}],"wp:attachment":[{"href":"https:\/\/wordpress-vgo440g88g4ow00008s4ook4.huppenbauer.net\/index.php?rest_route=%2Fwp%2Fv2%2Fmedia&parent=183"}],"curies":[{"name":"wp","href":"https:\/\/api.w.org\/{rel}","templated":true}]}}